{"id":48,"date":"2023-09-25T18:34:43","date_gmt":"2023-09-25T16:34:43","guid":{"rendered":"https:\/\/dancesquare.ageptest.ch\/?page_id=48"},"modified":"2024-10-15T18:02:57","modified_gmt":"2024-10-15T16:02:57","slug":"subcommissions","status":"publish","type":"page","link":"https:\/\/dancesquare.agepoly.ch\/fr\/subcommissions\/","title":{"rendered":"Sous-commissions"},"content":{"rendered":"<p>La majorit\u00e9 de nos \u00e9v\u00e9nements, des soir\u00e9es sociales hebdomadaires aux ateliers avec des professeurs invit\u00e9s, sont organis\u00e9s par nos sous-commissions hautement motiv\u00e9es ! Chacune d'entre elles se concentre sur son propre ensemble de styles de danse, il y en a donc pour tout le monde.<\/p>\n\n\n\n<p>Vous pouvez trouver des liens vers elles sur cette page, ou en apprendre davantage sur les \u00e9v\u00e9nements \u00e0 venir sur notre <a href=\"https:\/\/dancesquare.agepoly.ch\/fr\/calendar\/\">calendrier<\/a>!<\/p>\n\n\n\n<h2 class=\"wp-block-heading\">RockAffinity<\/h2>\n\n\n\n<p>RockAffinity s'occupe de tout ce qui concerne le rock-n-roll!<\/p>\n\n\n\n<p><a href=\"https:\/\/www.facebook.com\/RockAffinity\">https:\/\/www.facebook.com\/RockAffinity<\/a><br><a href=\"https:\/\/www.instagram.com\/rockaffinity.epfl\/\">https:\/\/www.instagram.com\/rockaffinity.epfl\/<\/a><br><a href=\"https:\/\/rockaffinity.agepoly.ch\/\">https:\/\/rockaffinity.agepoly.ch\/<\/a><\/p>\n\n\n\n<h2 class=\"wp-block-heading\">Cubaliente<\/h2>\n\n\n\n<p>Rejoignez Cubaliente si vous aimez la salsa ou la bachata !<\/p>\n\n\n\n<p><a href=\"https:\/\/www.facebook.com\/cubaliente\/\">https:\/\/www.facebook.com\/cubaliente\/<\/a><br><a href=\"https:\/\/www.instagram.com\/cubaliente_epfl\">https:\/\/www.instagram.com\/cubaliente_epfl<\/a><\/p>\n\n\n\n<h2 class=\"wp-block-heading\">All that Swing<\/h2>\n\n\n\n<p>Fancy Lindy Hop, Solo Jazz, Charleston, or Blues? Social dance with All that Swing! \u2013 it&#8217;s a swingin&#8217; good time on campus!<\/p>\n\n\n\n<p><a href=\"https:\/\/www.instagram.com\/allthatswingepflunil\/\">https:\/\/www.instagram.com\/allthatswingepflunil\/<\/a><\/p>\n\n\n\n<h2 class=\"wp-block-heading\">ArchiTango<\/h2>\n\n\n\n<p>Si le tango est votre truc, jetez un \u0153il \u00e0 ArchiTango.<\/p>\n\n\n\n<p><a href=\"https:\/\/architango.epfl.ch\/\">https:\/\/architango.epfl.ch\/<\/a><\/p>","protected":false},"excerpt":{"rendered":"<p>The majority of our events, from weekly socials to workshops with invited teachers, are organized by our highly motivated subcommissions! Each of them is concerned with their own set of dance styles, so there is something for everyone. You can find links to them on this page, or learn more about the coming events on [&hellip;]<\/p>","protected":false},"author":1,"featured_media":0,"parent":0,"menu_order":1,"comment_status":"closed","ping_status":"closed","template":"","meta":{"footnotes":""},"class_list":["post-48","page","type-page","status-publish","hentry"],"yoast_head":"<!-- This site is optimized with the Yoast SEO plugin v21.3 - https:\/\/yoast.com\/wordpress\/plugins\/seo\/ -->\n<title>Subcommissions - DanceSquare<\/title>\n<meta name=\"robots\" content=\"index, follow, max-snippet:-1, max-image-preview:large, max-video-preview:-1\" \/>\n<link rel=\"canonical\" href=\"https:\/\/dancesquare.agepoly.ch\/fr\/subcommissions\/\" \/>\n<meta property=\"og:locale\" content=\"fr_FR\" \/>\n<meta property=\"og:type\" content=\"article\" \/>\n<meta property=\"og:title\" content=\"Subcommissions - DanceSquare\" \/>\n<meta property=\"og:description\" content=\"The majority of our events, from weekly socials to workshops with invited teachers, are organized by our highly motivated subcommissions! Each of them is concerned with their own set of dance styles, so there is something for everyone. You can find links to them on this page, or learn more about the coming events on [&hellip;]\" \/>\n<meta property=\"og:url\" content=\"https:\/\/dancesquare.agepoly.ch\/fr\/subcommissions\/\" \/>\n<meta property=\"og:site_name\" content=\"DanceSquare\" \/>\n<meta property=\"article:modified_time\" content=\"2024-10-15T16:02:57+00:00\" \/>\n<meta name=\"twitter:card\" content=\"summary_large_image\" \/>\n<meta name=\"twitter:label1\" content=\"Dur\u00e9e de lecture estim\u00e9e\" \/>\n\t<meta name=\"twitter:data1\" content=\"1 minute\" \/>\n<script type=\"application\/ld+json\" class=\"yoast-schema-graph\">{\"@context\":\"https:\/\/schema.org\",\"@graph\":[{\"@type\":\"WebPage\",\"@id\":\"https:\/\/dancesquare.agepoly.ch\/subcommissions\/\",\"url\":\"https:\/\/dancesquare.agepoly.ch\/subcommissions\/\",\"name\":\"Subcommissions - DanceSquare\",\"isPartOf\":{\"@id\":\"https:\/\/dancesquare.agepoly.ch\/fr\/#website\"},\"datePublished\":\"2023-09-25T16:34:43+00:00\",\"dateModified\":\"2024-10-15T16:02:57+00:00\",\"inLanguage\":\"fr-FR\",\"potentialAction\":[{\"@type\":\"ReadAction\",\"target\":[\"https:\/\/dancesquare.agepoly.ch\/subcommissions\/\"]}]},{\"@type\":\"WebSite\",\"@id\":\"https:\/\/dancesquare.agepoly.ch\/fr\/#website\",\"url\":\"https:\/\/dancesquare.agepoly.ch\/fr\/\",\"name\":\"DanceSquare\",\"description\":\"\",\"publisher\":{\"@id\":\"https:\/\/dancesquare.agepoly.ch\/fr\/#organization\"},\"potentialAction\":[{\"@type\":\"SearchAction\",\"target\":{\"@type\":\"EntryPoint\",\"urlTemplate\":\"https:\/\/dancesquare.agepoly.ch\/fr\/?s={search_term_string}\"},\"query-input\":\"required name=search_term_string\"}],\"inLanguage\":\"fr-FR\"},{\"@type\":\"Organization\",\"@id\":\"https:\/\/dancesquare.agepoly.ch\/fr\/#organization\",\"name\":\"DanceSquare\",\"url\":\"https:\/\/dancesquare.agepoly.ch\/fr\/\",\"logo\":{\"@type\":\"ImageObject\",\"inLanguage\":\"fr-FR\",\"@id\":\"https:\/\/dancesquare.agepoly.ch\/fr\/#\/schema\/logo\/image\/\",\"url\":\"https:\/\/dancesquare.agepoly.ch\/wp-content\/uploads\/2023\/07\/long_logo_black_on_white2.png\",\"contentUrl\":\"https:\/\/dancesquare.agepoly.ch\/wp-content\/uploads\/2023\/07\/long_logo_black_on_white2.png\",\"width\":2953,\"height\":706,\"caption\":\"DanceSquare\"},\"image\":{\"@id\":\"https:\/\/dancesquare.agepoly.ch\/fr\/#\/schema\/logo\/image\/\"}}]}<\/script>\n<!-- \/ Yoast SEO plugin. -->","yoast_head_json":{"title":"Subcommissions - DanceSquare","robots":{"index":"index","follow":"follow","max-snippet":"max-snippet:-1","max-image-preview":"max-image-preview:large","max-video-preview":"max-video-preview:-1"},"canonical":"https:\/\/dancesquare.agepoly.ch\/fr\/subcommissions\/","og_locale":"fr_FR","og_type":"article","og_title":"Subcommissions - DanceSquare","og_description":"The majority of our events, from weekly socials to workshops with invited teachers, are organized by our highly motivated subcommissions! Each of them is concerned with their own set of dance styles, so there is something for everyone. You can find links to them on this page, or learn more about the coming events on [&hellip;]","og_url":"https:\/\/dancesquare.agepoly.ch\/fr\/subcommissions\/","og_site_name":"DanceSquare","article_modified_time":"2024-10-15T16:02:57+00:00","twitter_card":"summary_large_image","twitter_misc":{"Dur\u00e9e de lecture estim\u00e9e":"1 minute"},"schema":{"@context":"https:\/\/schema.org","@graph":[{"@type":"WebPage","@id":"https:\/\/dancesquare.agepoly.ch\/subcommissions\/","url":"https:\/\/dancesquare.agepoly.ch\/subcommissions\/","name":"Subcommissions - DanceSquare","isPartOf":{"@id":"https:\/\/dancesquare.agepoly.ch\/fr\/#website"},"datePublished":"2023-09-25T16:34:43+00:00","dateModified":"2024-10-15T16:02:57+00:00","inLanguage":"fr-FR","potentialAction":[{"@type":"ReadAction","target":["https:\/\/dancesquare.agepoly.ch\/subcommissions\/"]}]},{"@type":"WebSite","@id":"https:\/\/dancesquare.agepoly.ch\/fr\/#website","url":"https:\/\/dancesquare.agepoly.ch\/fr\/","name":"DanceSquare","description":"","publisher":{"@id":"https:\/\/dancesquare.agepoly.ch\/fr\/#organization"},"potentialAction":[{"@type":"SearchAction","target":{"@type":"EntryPoint","urlTemplate":"https:\/\/dancesquare.agepoly.ch\/fr\/?s={search_term_string}"},"query-input":"required name=search_term_string"}],"inLanguage":"fr-FR"},{"@type":"Organization","@id":"https:\/\/dancesquare.agepoly.ch\/fr\/#organization","name":"DanceSquare","url":"https:\/\/dancesquare.agepoly.ch\/fr\/","logo":{"@type":"ImageObject","inLanguage":"fr-FR","@id":"https:\/\/dancesquare.agepoly.ch\/fr\/#\/schema\/logo\/image\/","url":"https:\/\/dancesquare.agepoly.ch\/wp-content\/uploads\/2023\/07\/long_logo_black_on_white2.png","contentUrl":"https:\/\/dancesquare.agepoly.ch\/wp-content\/uploads\/2023\/07\/long_logo_black_on_white2.png","width":2953,"height":706,"caption":"DanceSquare"},"image":{"@id":"https:\/\/dancesquare.agepoly.ch\/fr\/#\/schema\/logo\/image\/"}}]}},"_links":{"self":[{"href":"https:\/\/dancesquare.agepoly.ch\/fr\/wp-json\/wp\/v2\/pages\/48","targetHints":{"allow":["GET"]}}],"collection":[{"href":"https:\/\/dancesquare.agepoly.ch\/fr\/wp-json\/wp\/v2\/pages"}],"about":[{"href":"https:\/\/dancesquare.agepoly.ch\/fr\/wp-json\/wp\/v2\/types\/page"}],"author":[{"embeddable":true,"href":"https:\/\/dancesquare.agepoly.ch\/fr\/wp-json\/wp\/v2\/users\/1"}],"replies":[{"embeddable":true,"href":"https:\/\/dancesquare.agepoly.ch\/fr\/wp-json\/wp\/v2\/comments?post=48"}],"version-history":[{"count":7,"href":"https:\/\/dancesquare.agepoly.ch\/fr\/wp-json\/wp\/v2\/pages\/48\/revisions"}],"predecessor-version":[{"id":125,"href":"https:\/\/dancesquare.agepoly.ch\/fr\/wp-json\/wp\/v2\/pages\/48\/revisions\/125"}],"wp:attachment":[{"href":"https:\/\/dancesquare.agepoly.ch\/fr\/wp-json\/wp\/v2\/media?parent=48"}],"curies":[{"name":"wp","href":"https:\/\/api.w.org\/{rel}","templated":true}]}}